{"id":2867,"date":"2023-04-21T21:10:03","date_gmt":"2023-04-21T21:10:03","guid":{"rendered":"https:\/\/noticiasdenayarit.com\/?page_id=2867"},"modified":"2025-01-05T15:51:51","modified_gmt":"2025-01-05T21:51:51","slug":"el-tepiqueno","status":"publish","type":"page","link":"https:\/\/wpt.noticiasdenayarit.com\/?page_id=2867","title":{"rendered":"El Tepique\u00f1o"},"content":{"rendered":"<p><strong>1892-1899<\/strong><\/p><p><strong>Semanario<\/strong><\/p><p><strong>Director:<\/strong> Pedro Espinosa Monroy<\/p><p><strong>Imprenta:<\/strong> Viuda de Legaspi<\/p><p><strong>Ciudad: <\/strong>Tepic<\/p><p><strong>Colaboradores:<\/strong> Quirino Ordaz (Amado Nervo), Benjam\u00edn Retes, Rafael de Alba, Manuel Manzo, Federico Rivas, Antonio Zaragoza y Aurelio Zaragoza.<\/p><p><strong>Datos:<\/strong> <em>Nayarit Historia del Periodismo. L\u00f3pez Gonz\u00e1lez, Pedro. 1993. Asociaci\u00f3n de Periodistas y Escritores del Estado de Nayarit A.C. y Gobierno del Estado de Nayarit.<\/em><\/p><p><strong>Fondo:<\/strong> Salvador Guti\u00e9rrez Contreras<\/p><p><strong>Digitalizaci\u00f3n: <\/strong>Alberto Guti\u00e9rrez Campos<\/p>","protected":false},"excerpt":{"rendered":"<p>1892-1899 Semanario Director: Pedro Espinosa Monroy Imprenta: Viuda de Legaspi Ciudad: Tepic Colaboradores: Quirino Ordaz (Amado Nervo), Benjam\u00edn Retes, Rafael de Alba, Manuel Manzo, Federico Rivas, Antonio Zaragoza y Aurelio Zaragoza. Datos: Nayarit Historia del Periodismo. L\u00f3pez Gonz\u00e1lez, Pedro. 1993. Asociaci\u00f3n de Periodistas y Escritores del Estado de Nayarit A.C. y Gobierno del Estado de Nayarit. Fondo: Salvador Guti\u00e9rrez Contreras Digitalizaci\u00f3n: Alberto Guti\u00e9rrez Campos<\/p>\n","protected":false},"author":1,"featured_media":0,"parent":0,"menu_order":0,"comment_status":"closed","ping_status":"closed","template":"","meta":{"footnotes":""},"class_list":["post-2867","page","type-page","status-publish","hentry"],"_links":{"self":[{"href":"https:\/\/wpt.noticiasdenayarit.com\/index.php?rest_route=\/wp\/v2\/pages\/2867","targetHints":{"allow":["GET"]}}],"collection":[{"href":"https:\/\/wpt.noticiasdenayarit.com\/index.php?rest_route=\/wp\/v2\/pages"}],"about":[{"href":"https:\/\/wpt.noticiasdenayarit.com\/index.php?rest_route=\/wp\/v2\/types\/page"}],"author":[{"embeddable":true,"href":"https:\/\/wpt.noticiasdenayarit.com\/index.php?rest_route=\/wp\/v2\/users\/1"}],"replies":[{"embeddable":true,"href":"https:\/\/wpt.noticiasdenayarit.com\/index.php?rest_route=%2Fwp%2Fv2%2Fcomments&post=2867"}],"version-history":[{"count":4,"href":"https:\/\/wpt.noticiasdenayarit.com\/index.php?rest_route=\/wp\/v2\/pages\/2867\/revisions"}],"predecessor-version":[{"id":3643,"href":"https:\/\/wpt.noticiasdenayarit.com\/index.php?rest_route=\/wp\/v2\/pages\/2867\/revisions\/3643"}],"wp:attachment":[{"href":"https:\/\/wpt.noticiasdenayarit.com\/index.php?rest_route=%2Fwp%2Fv2%2Fmedia&parent=2867"}],"curies":[{"name":"wp","href":"https:\/\/api.w.org\/{rel}","templated":true}]}}