{"id":2904,"date":"2023-04-28T21:13:14","date_gmt":"2023-04-28T21:13:14","guid":{"rendered":"https:\/\/noticiasdenayarit.com\/?page_id=2904"},"modified":"2025-01-05T20:36:05","modified_gmt":"2025-01-06T02:36:05","slug":"vanguardia","status":"publish","type":"page","link":"https:\/\/wpt.noticiasdenayarit.com\/?page_id=2904","title":{"rendered":"Vanguardia"},"content":{"rendered":"<p>Vanguardia <\/p><p>Trisemanario<\/p><p>Circulaci\u00f3n: 1957-1992<\/p><p>Fundador: Manuel Narv\u00e1ez Robles<\/p><p>Director: Jes\u00fas Narv\u00e1ez<\/p><p>Taller: Plus Ultra<\/p><p>Ciudad: Santiago Ixcuintla, Nayarit<\/p><p>Ubicaci\u00f3n f\u00edsica: Hemeroteca Universidad Aut\u00f3noma de Nayarit<\/p><p>Digitalizaci\u00f3n: Ulises Castrej\u00f3n \/ Jos\u00e9 Luis Mart\u00ednez<\/p>","protected":false},"excerpt":{"rendered":"<p>Vanguardia Trisemanario Circulaci\u00f3n: 1957-1992 Fundador: Manuel Narv\u00e1ez Robles Director: Jes\u00fas Narv\u00e1ez Taller: Plus Ultra Ciudad: Santiago Ixcuintla, Nayarit Ubicaci\u00f3n f\u00edsica: Hemeroteca Universidad Aut\u00f3noma de Nayarit Digitalizaci\u00f3n: Ulises Castrej\u00f3n \/ Jos\u00e9 Luis Mart\u00ednez<\/p>\n","protected":false},"author":1,"featured_media":0,"parent":0,"menu_order":0,"comment_status":"closed","ping_status":"closed","template":"","meta":{"footnotes":""},"class_list":["post-2904","page","type-page","status-publish","hentry"],"_links":{"self":[{"href":"https:\/\/wpt.noticiasdenayarit.com\/index.php?rest_route=\/wp\/v2\/pages\/2904","targetHints":{"allow":["GET"]}}],"collection":[{"href":"https:\/\/wpt.noticiasdenayarit.com\/index.php?rest_route=\/wp\/v2\/pages"}],"about":[{"href":"https:\/\/wpt.noticiasdenayarit.com\/index.php?rest_route=\/wp\/v2\/types\/page"}],"author":[{"embeddable":true,"href":"https:\/\/wpt.noticiasdenayarit.com\/index.php?rest_route=\/wp\/v2\/users\/1"}],"replies":[{"embeddable":true,"href":"https:\/\/wpt.noticiasdenayarit.com\/index.php?rest_route=%2Fwp%2Fv2%2Fcomments&post=2904"}],"version-history":[{"count":2,"href":"https:\/\/wpt.noticiasdenayarit.com\/index.php?rest_route=\/wp\/v2\/pages\/2904\/revisions"}],"predecessor-version":[{"id":3657,"href":"https:\/\/wpt.noticiasdenayarit.com\/index.php?rest_route=\/wp\/v2\/pages\/2904\/revisions\/3657"}],"wp:attachment":[{"href":"https:\/\/wpt.noticiasdenayarit.com\/index.php?rest_route=%2Fwp%2Fv2%2Fmedia&parent=2904"}],"curies":[{"name":"wp","href":"https:\/\/api.w.org\/{rel}","templated":true}]}}