{"id":3169,"date":"2023-09-19T20:19:21","date_gmt":"2023-09-20T02:19:21","guid":{"rendered":"https:\/\/noticiasdenayarit.com\/?page_id=3169"},"modified":"2025-01-05T20:09:19","modified_gmt":"2025-01-06T02:09:19","slug":"nueva-vida","status":"publish","type":"page","link":"https:\/\/wpt.noticiasdenayarit.com\/?page_id=3169","title":{"rendered":"Nueva Vida"},"content":{"rendered":"<p><strong>Consejo Editorial: <\/strong>Alejandro Gasc\u00f3n Mercado, Salvador Casta\u00f1eda O&#8217;Connor, Manuel Stephens Garc\u00eda, Sabino Hern\u00e1ndez T\u00e9llez, Rafael G\u00f3mez Aguilar, Ra\u00fal Rea Carvajal, J. Santos Gonz\u00e1lez Gallo, Ernesto Rivera  Herrera, Germ\u00e1n Goldman Seraf\u00edn, Severiano Ocegueda Pe\u00f1a, Antonio Pr\u00e1iz P\u00e9rez.<\/p><p><strong>Director:<\/strong> Mario L\u00f3pez S\u00e1nchez.<\/p><p><strong>Editorial:<\/strong> Presente y Futuro S.A. <\/p><p><strong>Lugar:<\/strong> Tepic, Nayarit.<\/p><p><strong>A\u00f1os disponibles: <\/strong>1975 &#8211; 1977<\/p>","protected":false},"excerpt":{"rendered":"<p>Consejo Editorial: Alejandro Gasc\u00f3n Mercado, Salvador Casta\u00f1eda O&#8217;Connor, Manuel Stephens Garc\u00eda, Sabino Hern\u00e1ndez T\u00e9llez, Rafael G\u00f3mez Aguilar, Ra\u00fal Rea Carvajal, J. Santos Gonz\u00e1lez Gallo, Ernesto Rivera Herrera, Germ\u00e1n Goldman Seraf\u00edn, Severiano Ocegueda Pe\u00f1a, Antonio Pr\u00e1iz P\u00e9rez. Director: Mario L\u00f3pez S\u00e1nchez. Editorial: Presente y Futuro S.A. Lugar: Tepic, Nayarit. A\u00f1os disponibles: 1975 &#8211; 1977<\/p>\n","protected":false},"author":1,"featured_media":0,"parent":0,"menu_order":0,"comment_status":"closed","ping_status":"closed","template":"","meta":{"footnotes":""},"class_list":["post-3169","page","type-page","status-publish","hentry"],"_links":{"self":[{"href":"https:\/\/wpt.noticiasdenayarit.com\/index.php?rest_route=\/wp\/v2\/pages\/3169","targetHints":{"allow":["GET"]}}],"collection":[{"href":"https:\/\/wpt.noticiasdenayarit.com\/index.php?rest_route=\/wp\/v2\/pages"}],"about":[{"href":"https:\/\/wpt.noticiasdenayarit.com\/index.php?rest_route=\/wp\/v2\/types\/page"}],"author":[{"embeddable":true,"href":"https:\/\/wpt.noticiasdenayarit.com\/index.php?rest_route=\/wp\/v2\/users\/1"}],"replies":[{"embeddable":true,"href":"https:\/\/wpt.noticiasdenayarit.com\/index.php?rest_route=%2Fwp%2Fv2%2Fcomments&post=3169"}],"version-history":[{"count":2,"href":"https:\/\/wpt.noticiasdenayarit.com\/index.php?rest_route=\/wp\/v2\/pages\/3169\/revisions"}],"predecessor-version":[{"id":3654,"href":"https:\/\/wpt.noticiasdenayarit.com\/index.php?rest_route=\/wp\/v2\/pages\/3169\/revisions\/3654"}],"wp:attachment":[{"href":"https:\/\/wpt.noticiasdenayarit.com\/index.php?rest_route=%2Fwp%2Fv2%2Fmedia&parent=3169"}],"curies":[{"name":"wp","href":"https:\/\/api.w.org\/{rel}","templated":true}]}}