{"id":3479,"date":"2024-11-19T20:19:55","date_gmt":"2024-11-20T02:19:55","guid":{"rendered":"https:\/\/noticiasdenayarit.com\/?page_id=3479"},"modified":"2025-01-05T20:06:53","modified_gmt":"2025-01-06T02:06:53","slug":"meridiano-ixtlan","status":"publish","type":"page","link":"https:\/\/wpt.noticiasdenayarit.com\/?page_id=3479","title":{"rendered":"Meridiano Ixtl\u00e1n"},"content":{"rendered":"<p>Nombre: Meridiano Ixtl\u00e1n<\/p><p>Director: Mart\u00edn S\u00e1nchez<\/p>","protected":false},"excerpt":{"rendered":"<p>Nombre: Meridiano Ixtl\u00e1n Director: Mart\u00edn S\u00e1nchez<\/p>\n","protected":false},"author":1,"featured_media":3481,"parent":0,"menu_order":0,"comment_status":"closed","ping_status":"closed","template":"","meta":{"footnotes":""},"class_list":["post-3479","page","type-page","status-publish","has-post-thumbnail","hentry"],"_links":{"self":[{"href":"https:\/\/wpt.noticiasdenayarit.com\/index.php?rest_route=\/wp\/v2\/pages\/3479","targetHints":{"allow":["GET"]}}],"collection":[{"href":"https:\/\/wpt.noticiasdenayarit.com\/index.php?rest_route=\/wp\/v2\/pages"}],"about":[{"href":"https:\/\/wpt.noticiasdenayarit.com\/index.php?rest_route=\/wp\/v2\/types\/page"}],"author":[{"embeddable":true,"href":"https:\/\/wpt.noticiasdenayarit.com\/index.php?rest_route=\/wp\/v2\/users\/1"}],"replies":[{"embeddable":true,"href":"https:\/\/wpt.noticiasdenayarit.com\/index.php?rest_route=%2Fwp%2Fv2%2Fcomments&post=3479"}],"version-history":[{"count":2,"href":"https:\/\/wpt.noticiasdenayarit.com\/index.php?rest_route=\/wp\/v2\/pages\/3479\/revisions"}],"predecessor-version":[{"id":3652,"href":"https:\/\/wpt.noticiasdenayarit.com\/index.php?rest_route=\/wp\/v2\/pages\/3479\/revisions\/3652"}],"wp:featuredmedia":[{"embeddable":true,"href":"https:\/\/wpt.noticiasdenayarit.com\/index.php?rest_route=\/wp\/v2\/media\/3481"}],"wp:attachment":[{"href":"https:\/\/wpt.noticiasdenayarit.com\/index.php?rest_route=%2Fwp%2Fv2%2Fmedia&parent=3479"}],"curies":[{"name":"wp","href":"https:\/\/api.w.org\/{rel}","templated":true}]}}